{"id":465,"date":"2024-05-24T09:57:13","date_gmt":"2024-05-24T09:57:13","guid":{"rendered":"https:\/\/www.tapiceriamarbella.com\/es\/?page_id=465"},"modified":"2024-05-24T10:03:50","modified_gmt":"2024-05-24T10:03:50","slug":"politica-cookies","status":"publish","type":"page","link":"https:\/\/www.tapiceriamarbella.com\/es\/politica-cookies\/","title":{"rendered":"Pol\u00edtica Cookies"},"content":{"rendered":"<p>[et_pb_section fb_built=\u00bb1&#8243; _builder_version=\u00bb4.25.1&#8243; _module_preset=\u00bbdefault\u00bb custom_padding=\u00bb||41px|||\u00bb global_colors_info=\u00bb{}\u00bb][et_pb_row _builder_version=\u00bb4.25.1&#8243; _module_preset=\u00bbdefault\u00bb global_colors_info=\u00bb{}\u00bb][et_pb_column type=\u00bb4_4&#8243; _builder_version=\u00bb4.25.1&#8243; _module_preset=\u00bbdefault\u00bb global_colors_info=\u00bb{}\u00bb][et_pb_text _builder_version=\u00bb4.25.1&#8243; _module_preset=\u00bbdefault\u00bb text_font_size=\u00bb15px\u00bb text_line_height=\u00bb1.3em\u00bb custom_padding=\u00bb33px|||||\u00bb hover_enabled=\u00bb0&#8243; global_colors_info=\u00bb{}\u00bb sticky_enabled=\u00bb0&#8243;]<\/p>\n<p><strong>\u00bfQu\u00e9 es una cookie?<\/strong><\/p>\n<p>Una cookie es un fichero que se descarga en su ordenador al acceder a determinadas p\u00e1ginas web. Las cookies permiten a una p\u00e1gina web, entre otras cosas, almacenar y recuperar informaci\u00f3n sobre los h\u00e1bitos de navegaci\u00f3n de un usuario o de su equipo y, dependiendo de la informaci\u00f3n que contengan y de la forma en que utilice su equipo, pueden utilizarse para reconocer al usuario.<\/p>\n<p><strong>\u00bfQu\u00e9 tipos de cookies utiliza www.tapiceriamarbella.com?<\/strong><\/p>\n<p>Seg\u00fan el plazo de tiempo que permanecen activas las cookies pueden ser:<\/p>\n<p><strong>Cookies de sesi\u00f3n:<\/strong><\/p>\n<p>dise\u00f1adas para recabar y almacenar datos mientras el usuario accede a una p\u00e1gina web. Se suelen emplear para almacenar informaci\u00f3n que s\u00f3lo interesa conservar para la prestaci\u00f3n del servicio solicitado por el usuario en una sola ocasi\u00f3n (por ejemplo, una lista de productos adquiridos).<\/p>\n<p><strong>Cookies persistentes:<\/strong><\/p>\n<p>Son un tipo de cookies por las que los datos siguen almacenados en el terminal y puede accederse a ellos y ser tratados durante un periodo definido. Tienen fecha de borrado. Se utilizan por ejemplo en el proceso de compra o registro para evitar tener que introducir nuestros datos constantemente.<\/p>\n<p>Seg\u00fan quien sea la entidad que gestione el equipo o dominio desde donde se env\u00edan las cookies y trate los datos que se obtengan, podemos distinguir:<\/p>\n<p><strong>Cookies propias:<\/strong><\/p>\n<p>Son aquellas que se env\u00edan al dispositivo del usuario gestionadas exclusivamente por nosotros para el mejor funcionamiento del sitio.<\/p>\n<p><strong>Cookies de terceros:<\/strong><\/p>\n<p>Son aquellas que se env\u00edan al dispositivo del usuario desde un equipo o dominio que no es gestionado por nosotros sino por otra entidad, que tratar\u00e1 los datos obtenidos.<\/p>\n<p>Cuando navegues por www.tapiceriamarbella.com. se pueden instalar en tu dispositivo las siguientes cookies:<\/p>\n<p><strong>Cookies de registro:<\/strong><\/p>\n<p>Cuando el usuario entra en nuestra web e inicia sesi\u00f3n se instala una cookie propia y temporal para que pueda navegar por su zona de usuario sin tener que introducir sus datos continuamente. Esta cookie desaparecer\u00e1 cuando cierre sesi\u00f3n.<\/p>\n<p><strong>Cookies de an\u00e1lisis:<\/strong><\/p>\n<p>Sirven para estudiar el comportamiento de los usuarios de forma an\u00f3nima al navegar por nuestra web. As\u00ed podremos conocer los contenidos m\u00e1s vistos, el n\u00famero de visitantes, etc. Una informaci\u00f3n que utilizaremos para mejorar la experiencia de navegaci\u00f3n y optimizar nuestros servicios. Pueden ser propias pero tambi\u00e9n de terceros. Entre \u00e9stas \u00faltimas se encuentran las cookies de Google Analytics y las de Iadvice.<\/p>\n<p><strong>Cookies publicitarias de terceros:<\/strong><\/p>\n<p>El objetivo es optimizar la exposici\u00f3n de anuncios publicitarios. Para gestionar estos servicios utilizamos la plataforma de Doubleclick de Google que almacena informaci\u00f3n sobre los anuncios que han sido mostrados a un usuario, los que le interesan y si visita la web del anunciante.<\/p>\n<p><strong>Configuraci\u00f3n, consulta y desactivaci\u00f3n de cookies:<\/strong><\/p>\n<p>Usted puede permitir, bloquear o eliminar las cookies instaladas en su equipo mediante la configuraci\u00f3n de las opciones del navegador instalado en su ordenador:<\/p>\n<p>Chrome, desde http:\/\/support.google.com\/chrome\/bin\/answer.py?hl=es&amp;answer=95647<\/p>\n<p>Safari, desde http:\/\/support.apple.com\/kb\/ph5042<\/p>\n<p>Explorer, desde http:\/\/windows.microsoft.com\/es-es\/windows7\/how-to-manage-cookies-in-internet-explorer-9<\/p>\n<p>Firefox, desde http:\/\/support.mozilla.org\/es\/kb\/habilitar-y-deshabilitar-cookies-que-los-sitios-we<\/p>\n<p>Todo lo relativo a las cookies de Google, tanto anal\u00edticas como publicitarias, as\u00ed como su administraci\u00f3n y configuraci\u00f3n se puede consultar en:<\/p>\n<p>http:\/\/www.google.es\/intl\/es\/policies\/technologies\/types\/<\/p>\n<p>http:\/\/www.google.es\/policies\/technologies\/ads\/<\/p>\n<p>https:\/\/developers.google.com\/analytics\/devguides\/collection\/analyticsjs\/cookie-usage<\/p>\n<p>En cuanto a lo referente a las cookies instaladas por Iadvice lo encontrar\u00e1 en http:\/\/www.iadvize.com\/es\/aviso_legal_iadvize.html<\/p>\n<p>Si decide deshabilitar las Cookies no podremos ofrecerle algunos de nuestros servicios como, por ejemplo, permanecer identificado o mantener las compras en su carrito.<\/p>\n<p><strong>Actualizaci\u00f3n de cookies:<\/strong><\/p>\n<p>Las cookies de www.tapiceriamarbella.com pueden ser actualizadas por lo que aconsejamos que revisen nuestra pol\u00edtica de forma peri\u00f3dica.<\/p>\n<p>[\/et_pb_text][\/et_pb_column][\/et_pb_row][\/et_pb_section]<\/p>\n","protected":false},"excerpt":{"rendered":"<p>\u00bfQu\u00e9 es una cookie? Una cookie es un fichero que se descarga en su ordenador al acceder a determinadas p\u00e1ginas web. Las cookies permiten a una p\u00e1gina web, entre otras cosas, almacenar y recuperar informaci\u00f3n sobre los h\u00e1bitos de navegaci\u00f3n de un usuario o de su equipo y, dependiendo de la informaci\u00f3n que contengan y [&hellip;]<\/p>\n","protected":false},"author":1,"featured_media":0,"parent":0,"menu_order":0,"comment_status":"closed","ping_status":"closed","template":"","meta":{"_et_pb_use_builder":"on","_et_pb_old_content":"","_et_gb_content_width":"","footnotes":""},"_links":{"self":[{"href":"https:\/\/www.tapiceriamarbella.com\/es\/wp-json\/wp\/v2\/pages\/465"}],"collection":[{"href":"https:\/\/www.tapiceriamarbella.com\/es\/wp-json\/wp\/v2\/pages"}],"about":[{"href":"https:\/\/www.tapiceriamarbella.com\/es\/wp-json\/wp\/v2\/types\/page"}],"author":[{"embeddable":true,"href":"https:\/\/www.tapiceriamarbella.com\/es\/wp-json\/wp\/v2\/users\/1"}],"replies":[{"embeddable":true,"href":"https:\/\/www.tapiceriamarbella.com\/es\/wp-json\/wp\/v2\/comments?post=465"}],"version-history":[{"count":4,"href":"https:\/\/www.tapiceriamarbella.com\/es\/wp-json\/wp\/v2\/pages\/465\/revisions"}],"predecessor-version":[{"id":477,"href":"https:\/\/www.tapiceriamarbella.com\/es\/wp-json\/wp\/v2\/pages\/465\/revisions\/477"}],"wp:attachment":[{"href":"https:\/\/www.tapiceriamarbella.com\/es\/wp-json\/wp\/v2\/media?parent=465"}],"curies":[{"name":"wp","href":"https:\/\/api.w.org\/{rel}","templated":true}]}}