{"id":39,"date":"2015-06-22T05:29:49","date_gmt":"2015-06-22T05:29:49","guid":{"rendered":"http:\/\/www.tapiceriamarbella.com\/es\/?page_id=39"},"modified":"2017-06-24T15:56:24","modified_gmt":"2017-06-24T15:56:24","slug":"inicio","status":"publish","type":"page","link":"https:\/\/www.tapiceriamarbella.com\/es\/","title":{"rendered":"INICIO"},"content":{"rendered":"<p>[et_pb_section bb_built=\u00bb1&#8243; admin_label=\u00bbsection\u00bb background_color=\u00bb#ffffff\u00bb inner_shadow=\u00bboff\u00bb parallax=\u00bboff\u00bb background_image=\u00bbhttp:\/\/www.tapiceriamarbella.com\/es\/wp-content\/uploads\/2015\/06\/Fondo-de-tela-Burdeos-1359014586_58.jpg\u00bb transparent_background=\u00bbon\u00bb allow_player_pause=\u00bboff\u00bb parallax_method=\u00bboff\u00bb padding_mobile=\u00bboff\u00bb make_fullwidth=\u00bboff\u00bb use_custom_width=\u00bboff\u00bb width_unit=\u00bbon\u00bb make_equal=\u00bboff\u00bb use_custom_gutter=\u00bboff\u00bb][et_pb_row admin_label=\u00bbrow\u00bb background_position=\u00bbtop_left\u00bb background_repeat=\u00bbrepeat\u00bb background_size=\u00bbinitial\u00bb][et_pb_column type=\u00bb4_4&#8243;][et_pb_slider admin_label=\u00bbDeslizador\u00bb show_arrows=\u00bbon\u00bb show_pagination=\u00bbon\u00bb auto=\u00bboff\u00bb parallax=\u00bboff\u00bb parallax_method=\u00bboff\u00bb remove_inner_shadow=\u00bboff\u00bb background_position=\u00bbdefault\u00bb background_size=\u00bbdefault\u00bb hide_content_on_mobile=\u00bboff\u00bb hide_cta_on_mobile=\u00bboff\u00bb show_image_video_mobile=\u00bboff\u00bb custom_button=\u00bboff\u00bb button_letter_spacing=\u00bb0&#8243; button_use_icon=\u00bbdefault\u00bb button_icon_placement=\u00bbright\u00bb button_on_hover=\u00bbon\u00bb button_letter_spacing_hover=\u00bb0&#8243;] [et_pb_slide background_image=\u00bbhttp:\/\/www.tapiceriamarbella.com\/es\/wp-content\/uploads\/2015\/06\/6378018347_585c41bcf1_o.jpg\u00bb background_position=\u00bbtop_center\u00bb background_size=\u00bbcontain\u00bb background_color=\u00bb#ffffff\u00bb alignment=\u00bbcenter\u00bb background_layout=\u00bbdark\u00bb allow_player_pause=\u00bboff\u00bb header_font_select=\u00bbdefault\u00bb body_font_select=\u00bbdefault\u00bb custom_button=\u00bboff\u00bb button_font_select=\u00bbdefault\u00bb button_use_icon=\u00bbdefault\u00bb button_icon_placement=\u00bbright\u00bb button_on_hover=\u00bbon\u00bb]<\/p>\n<h2 style=\"text-align: center;\">TAPICERIA DEL HOGAR<\/h2>\n<p>[\/et_pb_slide][et_pb_slide background_image=\u00bbhttp:\/\/www.tapiceriamarbella.com\/es\/wp-content\/uploads\/2015\/06\/6504410445_9ee88f1c3a_o.jpg\u00bb background_position=\u00bbdefault\u00bb background_size=\u00bbdefault\u00bb background_color=\u00bb#ffffff\u00bb alignment=\u00bbcenter\u00bb background_layout=\u00bbdark\u00bb allow_player_pause=\u00bboff\u00bb header_font_select=\u00bbdefault\u00bb body_font_select=\u00bbdefault\u00bb custom_button=\u00bboff\u00bb button_font_select=\u00bbdefault\u00bb button_use_icon=\u00bbdefault\u00bb button_icon_placement=\u00bbright\u00bb button_on_hover=\u00bbon\u00bb]<\/p>\n<h2 style=\"text-align: center;\">COJINES<\/h2>\n<p>[\/et_pb_slide][et_pb_slide background_image=\u00bbhttp:\/\/www.tapiceriamarbella.com\/es\/wp-content\/uploads\/2015\/06\/toldo.jpg\u00bb background_position=\u00bbdefault\u00bb background_size=\u00bbdefault\u00bb background_color=\u00bb#ffffff\u00bb alignment=\u00bbcenter\u00bb background_layout=\u00bbdark\u00bb allow_player_pause=\u00bboff\u00bb header_font_select=\u00bbdefault\u00bb body_font_select=\u00bbdefault\u00bb custom_button=\u00bboff\u00bb button_font_select=\u00bbdefault\u00bb button_use_icon=\u00bbdefault\u00bb button_icon_placement=\u00bbright\u00bb button_on_hover=\u00bbon\u00bb]<\/p>\n<h2 style=\"text-align: center;\">INSTALACION Y REPARACION DE TOLDOS<\/h2>\n<p>[\/et_pb_slide][et_pb_slide background_image=\u00bbhttp:\/\/www.tapiceriamarbella.com\/es\/wp-content\/uploads\/2015\/06\/6378024025_f575c402c3_o.jpg\u00bb background_position=\u00bbdefault\u00bb background_size=\u00bbdefault\u00bb background_color=\u00bb#ffffff\u00bb alignment=\u00bbcenter\u00bb background_layout=\u00bbdark\u00bb allow_player_pause=\u00bboff\u00bb header_font_select=\u00bbdefault\u00bb body_font_select=\u00bbdefault\u00bb custom_button=\u00bboff\u00bb button_font_select=\u00bbdefault\u00bb button_use_icon=\u00bbdefault\u00bb button_icon_placement=\u00bbright\u00bb button_on_hover=\u00bbon\u00bb]<\/p>\n<h2 style=\"text-align: center;\">ROPA DEL HOGAR<\/h2>\n<p>[\/et_pb_slide] [\/et_pb_slider][\/et_pb_column][\/et_pb_row][et_pb_row admin_label=\u00bbrow\u00bb background_position=\u00bbtop_left\u00bb background_repeat=\u00bbrepeat\u00bb background_size=\u00bbinitial\u00bb][et_pb_column type=\u00bb2_3&#8243;][et_pb_text admin_label=\u00bbText\u00bb background_layout=\u00bblight\u00bb text_orientation=\u00bbleft\u00bb use_border_color=\u00bboff\u00bb border_color=\u00bb#ffffff\u00bb border_style=\u00bbsolid\u00bb background_position=\u00bbtop_left\u00bb background_repeat=\u00bbrepeat\u00bb background_size=\u00bbinitial\u00bb]<\/p>\n<p class=\"cuatro\" style=\"text-align: justify;\" align=\"left\"><span style=\"color: #ffffff;\">En <strong><span class=\"UNO2\" style=\"color: #b89b1d;\">TAPICERIA PEPE DOMINGUEZ<\/span><\/strong>, Te damos ideas y soluciones para que decorar tu casa te sea mucho <span class=\"BB\">mas<\/span> f\u00e1cil.<\/span><\/p>\n<p class=\"cuatro\" style=\"text-align: justify;\" align=\"left\"><span style=\"color: #ffffff;\">Reparaciones, instalaciones y fabricaci\u00f3n propia, de todo lo referente a la Decoraci\u00f3n de tu hogar, en la zona de la COSTA DEL SOL (MARBELLA, SAN PEDRO DE ALCANTARA, ESTEPONA, BENAHAVIS, MANILVA, FUENGIROLA, MIJAS Etc).<\/span><\/p>\n<p>[\/et_pb_text][et_pb_text admin_label=\u00bbText\u00bb background_layout=\u00bblight\u00bb text_orientation=\u00bbleft\u00bb use_border_color=\u00bboff\u00bb border_color=\u00bb#ffffff\u00bb border_style=\u00bbsolid\u00bb background_position=\u00bbtop_left\u00bb background_repeat=\u00bbrepeat\u00bb background_size=\u00bbinitial\u00bb]<\/p>\n<p class=\"TRES\" align=\"justify\"><span class=\"dos\" style=\"color: #ffffff;\">TAPICERIAS PEPE DOMINGUEZ, es una empresa familiar nacida en SAN PEDRO DE ALCANTARA con m\u00e1s de 30 <span class=\"dos\">a\u00f1os de experiencia en el mundo de la tapicer\u00eda y decoraci\u00f3n integral de espacios.<\/span><\/span><\/p>\n<p class=\"TRES\" align=\"justify\"><span class=\"dos\"><span style=\"color: #ffffff;\">Nuestros servicios tanto de arreglos, como de montaje de todo lo relacionado con la decoraci\u00f3n de interiores y exteriores<\/span> .<\/span><\/p>\n<p>[\/et_pb_text][\/et_pb_column][et_pb_column type=\u00bb1_3&#8243;][et_pb_text admin_label=\u00bbTexto\u00bb background_layout=\u00bblight\u00bb text_orientation=\u00bbleft\u00bb use_border_color=\u00bboff\u00bb border_color=\u00bb#ffffff\u00bb border_style=\u00bbsolid\u00bb background_position=\u00bbtop_left\u00bb background_repeat=\u00bbrepeat\u00bb background_size=\u00bbinitial\u00bb]<\/p>\n<div id=\"translator_1524\"><noscript>Javascript is disable &#8211; <a href=\"http:\/\/www.webestools.com\/\">http:\/\/www.webestools.com\/<\/a> &#8211; <a href=\"http:\/\/www.webestools.com\/translator-buttons-web-page-translation-google-translate-website-widget-online-html-translator.html\">Translation Buttons Generator<\/a><\/noscript><\/div>\n<p><script src=\"http:\/\/services.webestools.com\/translator\/1524-1-ynnynynny.js\" type=\"text\/javascript\"><\/script> [\/et_pb_text][et_pb_image admin_label=\u00bbImagen\u00bb src=\u00bbhttp:\/\/www.tapiceriamarbella.com\/es\/wp-content\/uploads\/2015\/06\/fotopuerta.png\u00bb show_in_lightbox=\u00bbon\u00bb url_new_window=\u00bboff\u00bb animation=\u00bbfade_in\u00bb sticky=\u00bboff\u00bb align=\u00bbleft\u00bb force_fullwidth=\u00bboff\u00bb always_center_on_mobile=\u00bbon\u00bb use_border_color=\u00bboff\u00bb border_color=\u00bb#ffffff\u00bb border_style=\u00bbsolid\u00bb \/][\/et_pb_column][\/et_pb_row][et_pb_row admin_label=\u00bbrow\u00bb background_position=\u00bbtop_left\u00bb background_repeat=\u00bbrepeat\u00bb background_size=\u00bbinitial\u00bb][et_pb_column type=\u00bb4_4&#8243;][et_pb_divider admin_label=\u00bbSeparador\u00bb color=\u00bb#ffffff\u00bb show_divider=\u00bboff\u00bb height=\u00bb30&#8243; divider_style=\u00bbsolid\u00bb divider_position=\u00bbtop\u00bb hide_on_mobile=\u00bbon\u00bb \/][et_pb_text admin_label=\u00bbTexto\u00bb background_layout=\u00bblight\u00bb text_orientation=\u00bbleft\u00bb use_border_color=\u00bboff\u00bb border_color=\u00bb#ffffff\u00bb border_style=\u00bbsolid\u00bb background_position=\u00bbtop_left\u00bb background_repeat=\u00bbrepeat\u00bb background_size=\u00bbinitial\u00bb]<\/p>\n<h2 style=\"text-align: center;\"><span style=\"color: #a88e3e;\">ALGUNOS DE NUESTROS ULTIMOS TRABAJOS<\/span><\/h2>\n<p>[\/et_pb_text][et_pb_portfolio admin_label=\u00bbPortafolios\u00bb fullwidth=\u00bboff\u00bb show_title=\u00bbon\u00bb show_categories=\u00bbon\u00bb show_pagination=\u00bbon\u00bb background_layout=\u00bbdark\u00bb hover_overlay_color=\u00bbrgba(216,77,49,0.32)\u00bb use_border_color=\u00bboff\u00bb border_color=\u00bb#ffffff\u00bb border_style=\u00bbsolid\u00bb title_font=\u00bbCardo||||\u00bb title_font_size=\u00bb25&#8243; background_position=\u00bbtop_left\u00bb background_repeat=\u00bbrepeat\u00bb background_size=\u00bbinitial\u00bb \/][et_pb_cta admin_label=\u00bbLlamada a la acci\u00f3n\u00bb url_new_window=\u00bboff\u00bb use_background_color=\u00bboff\u00bb background_color=\u00bb#ac9151&#8243; background_layout=\u00bbdark\u00bb text_orientation=\u00bbcenter\u00bb use_border_color=\u00bboff\u00bb border_color=\u00bb#ffffff\u00bb border_style=\u00bbsolid\u00bb custom_button=\u00bboff\u00bb button_letter_spacing=\u00bb0&#8243; button_use_icon=\u00bbdefault\u00bb button_icon_placement=\u00bbright\u00bb button_on_hover=\u00bbon\u00bb button_letter_spacing_hover=\u00bb0&#8243; button_text=\u00bbREALIZAMOS TUS CORTINAS ONLINE\u00bb background_position=\u00bbtop_left\u00bb background_repeat=\u00bbrepeat\u00bb background_size=\u00bbinitial\u00bb]<\/p>\n<h1 style=\"text-align: center;\"><span style=\"color: #ffffff;\">REALIZAMOS SUS CORTINAS ONLINE<\/span><\/h1>\n<h1 style=\"text-align: center;\"><span style=\"color: #ffffff;\">PIDANOS PRESUPUESTO SIN COMPROMISO<\/span><\/h1>\n<p>[\/et_pb_cta][\/et_pb_column][\/et_pb_row][\/et_pb_section][et_pb_section bb_built=\u00bb1&#8243; admin_label=\u00bbSecci\u00f3n\u00bb fullwidth=\u00bbon\u00bb specialty=\u00bboff\u00bb][et_pb_fullwidth_map admin_label=\u00bbMapa de anchura completa\u00bb _builder_version=\u00bb3.0.51&#8243; address=\u00bbSan Pedro Alc\u00e1ntara, M\u00e1laga, Espa\u00f1a\u00bb zoom_level=\u00bb17&#8243; address_lat=\u00bb36.4871482340793&#8243; address_lng=\u00bb-4.99291583572085&#8243; mouse_wheel=\u00bbon\u00bb mobile_dragging=\u00bbon\u00bb] [et_pb_map_pin pin_address=\u00bbCalle Almer\u00eda, 12, 29670 San Pedro Alc\u00e1ntara, M\u00e1laga, Espa\u00f1a\u00bb pin_address_lat=\u00bb36.4848566&#8243; pin_address_lng=\u00bb-4.986490199999935&#8243; \/] [\/et_pb_fullwidth_map][\/et_pb_section][et_pb_section bb_built=\u00bb1&#8243; admin_label=\u00bbsection\u00bb fullwidth=\u00bboff\u00bb specialty=\u00bboff\u00bb][et_pb_row admin_label=\u00bbrow\u00bb background_position=\u00bbtop_left\u00bb background_repeat=\u00bbrepeat\u00bb background_size=\u00bbinitial\u00bb][et_pb_column type=\u00bb4_4&#8243;][et_pb_text admin_label=\u00bbTexto\u00bb background_layout=\u00bblight\u00bb text_orientation=\u00bbleft\u00bb use_border_color=\u00bboff\u00bb border_color=\u00bb#ffffff\u00bb border_style=\u00bbsolid\u00bb background_position=\u00bbtop_left\u00bb background_repeat=\u00bbrepeat\u00bb background_size=\u00bbinitial\u00bb]<\/p>\n<h6 style=\"text-align: center;\">TAPICERIA EN MARBELLA &#8211; CORTINAS EN SAN PEDRO DE ALCANTARA &#8211; DECORACION DE INTERIOR &#8211; TAPICERIA PARA COCHES &#8211; TAPICERIA PARA BARCOS &#8211; REPARACION DE SOFAS &#8211; TAPICERIA DE COCHES &#8211; TAPIZADO ASIENTOS DE MOTOS &#8211; TAPICERIA DE BARCOS &#8211; DECORACION DE CORTINAS EN MARBELLA &#8211; PUERTO BANUS TAPICERO<\/h6>\n<p>[\/et_pb_text][\/et_pb_column][\/et_pb_row][\/et_pb_section]<\/p>\n","protected":false},"excerpt":{"rendered":"<p>TAPICERIA DEL HOGAR COJINES INSTALACION Y REPARACION DE TOLDOS ROPA DEL HOGAR En TAPICERIA PEPE DOMINGUEZ, Te damos ideas y soluciones para que decorar tu casa te sea mucho mas f\u00e1cil. Reparaciones, instalaciones y fabricaci\u00f3n propia, de todo lo referente a la Decoraci\u00f3n de tu hogar, en la zona de la COSTA DEL SOL (MARBELLA, [&hellip;]<\/p>\n","protected":false},"author":1,"featured_media":0,"parent":0,"menu_order":0,"comment_status":"open","ping_status":"open","template":"","meta":{"_et_pb_use_builder":"on","_et_pb_old_content":"","_et_gb_content_width":"","footnotes":""},"_links":{"self":[{"href":"https:\/\/www.tapiceriamarbella.com\/es\/wp-json\/wp\/v2\/pages\/39"}],"collection":[{"href":"https:\/\/www.tapiceriamarbella.com\/es\/wp-json\/wp\/v2\/pages"}],"about":[{"href":"https:\/\/www.tapiceriamarbella.com\/es\/wp-json\/wp\/v2\/types\/page"}],"author":[{"embeddable":true,"href":"https:\/\/www.tapiceriamarbella.com\/es\/wp-json\/wp\/v2\/users\/1"}],"replies":[{"embeddable":true,"href":"https:\/\/www.tapiceriamarbella.com\/es\/wp-json\/wp\/v2\/comments?post=39"}],"version-history":[{"count":74,"href":"https:\/\/www.tapiceriamarbella.com\/es\/wp-json\/wp\/v2\/pages\/39\/revisions"}],"predecessor-version":[{"id":45,"href":"https:\/\/www.tapiceriamarbella.com\/es\/wp-json\/wp\/v2\/pages\/39\/revisions\/45"}],"wp:attachment":[{"href":"https:\/\/www.tapiceriamarbella.com\/es\/wp-json\/wp\/v2\/media?parent=39"}],"curies":[{"name":"wp","href":"https:\/\/api.w.org\/{rel}","templated":true}]}}